{"id":907,"date":"2022-04-08T06:32:10","date_gmt":"2022-04-08T06:32:10","guid":{"rendered":"https:\/\/chiropractor-dilbeek.be\/contact\/"},"modified":"2025-12-26T14:42:29","modified_gmt":"2025-12-26T14:42:29","slug":"contact","status":"publish","type":"page","link":"https:\/\/chiropractor-dilbeek.be\/nl\/contact\/","title":{"rendered":"Contact"},"content":{"rendered":"<h2 data-animation=\"appear-down\" data-delay=\"200\" data-duration=\"normal\" style=\"margin-bottom: 50px;\">Neem contact op met Pascal Claes<br \/><\/h2>\n<h1 data-animation=\"appear-down\" data-delay=\"400\" data-duration=\"normal\" style=\" color: #FDFBE6;\">Chiropractor in Dilbeek, nabij Brussel<br \/><\/h1>\n<h3>Een chiropractiepraktijk dicht bij Brussel<br \/><\/h3>\n<p>\t\t\t\t\tDe praktijk van <strong>Pascal Claes<\/strong>, gelegen in Dilbeek, is gemakkelijk bereikbaar vanuit Brussel, Anderlecht, Jette, Ganshoren, Sint-Agatha-Berchem en de omliggende gemeenten. U wordt er ontvangen in een professionele, rustgevende en warme omgeving, ideaal voor ontspanning en herstel.<br \/>\u00a0<br \/>Of u nu last hebt van rugpijn, stijve gewrichten of gewoon uw houding en mobiliteit wilt verbeteren, uw <strong>chiropractor in Dilbeek<\/strong> begeleidt u met een natuurlijke, nauwkeurige en aangepaste aanpak.\t\t\t\t<\/p>\n<p role=\"status\" aria-live=\"polite\" aria-atomic=\"true\">\n<ul><\/ul>\n<form action=\"\/wp-admin\/admin-ajax.php#wpcf7-f1027-o3\" method=\"post\" aria-label=\"Formulaire de contact\" novalidate=\"novalidate\" data-status=\"init\">\n<fieldset><input type=\"hidden\" name=\"_wpcf7\" value=\"1027\" \/><input type=\"hidden\" name=\"_wpcf7_version\" value=\"6.1.4\" \/><input type=\"hidden\" name=\"_wpcf7_locale\" value=\"fr_FR\" \/><input type=\"hidden\" name=\"_wpcf7_unit_tag\" value=\"wpcf7-f1027-o3\" \/><input type=\"hidden\" name=\"_wpcf7_container_post\" value=\"0\" \/><input type=\"hidden\" name=\"_wpcf7_posted_data_hash\" value=\"\" \/><br \/>\n<\/fieldset>\n<p><input size=\"40\" maxlength=\"400\" autocomplete=\"off\" aria-required=\"true\" aria-invalid=\"false\" placeholder=\"Uw voornaam*\" value=\"\" type=\"text\" name=\"your-firstname\" \/><br \/>\n<input size=\"40\" maxlength=\"400\" autocomplete=\"off\" aria-required=\"true\" aria-invalid=\"false\" placeholder=\"Uw naam*\" value=\"\" type=\"text\" name=\"your-name\" \/><br \/>\n<input size=\"40\" maxlength=\"400\" aria-required=\"true\" aria-invalid=\"false\" placeholder=\"Votre num\u00e9ro de t\u00e9l\u00e9phone*\" value=\"\" type=\"tel\" name=\"your-phone\" \/><br \/>\n<input size=\"40\" maxlength=\"400\" autocomplete=\"off\" aria-required=\"true\" aria-invalid=\"false\" placeholder=\"Uw e-mailadres*\" value=\"\" type=\"email\" name=\"your-email\" \/><br \/>\n<textarea cols=\"40\" rows=\"10\" maxlength=\"2000\" aria-required=\"true\" aria-invalid=\"false\" placeholder=\"Bericht*\" name=\"your-message\"><\/textarea><br \/>\n<label><input type=\"checkbox\" name=\"acceptance-570\" value=\"1\" aria-invalid=\"false\" \/>Ik geef Pascal Claes toestemming om mijn persoonsgegevens te verwerken. Bekijk <a href=\"https:\/\/chiropractor-dilbeek.be\/nl\/privacybeleid\/\" target=\"_blank\">hier het privacybeleid<\/a>.<\/label><br \/>\n<input type=\"submit\" value=\"Ik stuur mijn bericht\" \/><br \/>\n<\/form>\n","protected":false},"excerpt":{"rendered":"<p>Neem contact op met Pascal Claes Chiropractor in Dilbeek, nabij Brussel Een chiropractiepraktijk dicht bij Brussel De praktijk van Pascal Claes, gelegen in Dilbeek, is gemakkelijk bereikbaar vanuit Brussel, Anderlecht, Jette, Ganshoren, Sint-Agatha-Berchem en de omliggende gemeenten. U wordt er ontvangen in een professionele, rustgevende en warme omgeving, ideaal voor ontspanning en herstel.\u00a0Of u nu [&hellip;]<\/p>\n","protected":false},"author":1,"featured_media":0,"parent":0,"menu_order":0,"comment_status":"closed","ping_status":"closed","template":"","meta":{"inline_featured_image":false,"footnotes":""},"class_list":["post-907","page","type-page","status-publish","hentry","grve-entry-item"],"yoast_head":"<!-- This site is optimized with the Yoast SEO plugin v26.7 - https:\/\/yoast.com\/wordpress\/plugins\/seo\/ -->\n<title>Chiropractor in Dilbeek \u2013 Neem contact op en maak een afspraak<\/title>\n<meta name=\"description\" content=\"Neem contact op met uw chiropractiepraktijk in Dilbeek, vlakbij Brussel, voor vragen of om een afspraak te maken.\" \/>\n<meta name=\"robots\" content=\"index, follow, max-snippet:-1, max-image-preview:large, max-video-preview:-1\" \/>\n<link rel=\"canonical\" href=\"https:\/\/chiropractor-dilbeek.be\/nl\/contact\/\" \/>\n<meta property=\"og:locale\" content=\"nl_NL\" \/>\n<meta property=\"og:type\" content=\"article\" \/>\n<meta property=\"og:title\" content=\"Chiropractor in Dilbeek \u2013 Neem contact op en maak een afspraak\" \/>\n<meta property=\"og:description\" content=\"Neem contact op met uw chiropractiepraktijk in Dilbeek, vlakbij Brussel, voor vragen of om een afspraak te maken.\" \/>\n<meta property=\"og:url\" content=\"https:\/\/chiropractor-dilbeek.be\/nl\/contact\/\" \/>\n<meta property=\"og:site_name\" content=\"Chiropractor Dilbeek\" \/>\n<meta property=\"article:publisher\" content=\"https:\/\/www.facebook.com\/chiropractordilbeek\/\" \/>\n<meta property=\"article:modified_time\" content=\"2025-12-26T14:42:29+00:00\" \/>\n<meta property=\"og:image\" content=\"https:\/\/chiropractor-dilbeek.be\/wp-content\/uploads\/2025\/12\/cpl098-Edit-green.jpg\" \/>\n\t<meta property=\"og:image:width\" content=\"2000\" \/>\n\t<meta property=\"og:image:height\" content=\"1339\" \/>\n\t<meta property=\"og:image:type\" content=\"image\/jpeg\" \/>\n<meta name=\"twitter:card\" content=\"summary_large_image\" \/>\n<meta name=\"twitter:label1\" content=\"Geschatte leestijd\" \/>\n\t<meta name=\"twitter:data1\" content=\"1 minuut\" \/>\n<script type=\"application\/ld+json\" class=\"yoast-schema-graph\">{\"@context\":\"https:\/\/schema.org\",\"@graph\":[{\"@type\":\"WebPage\",\"@id\":\"https:\/\/chiropractor-dilbeek.be\/nl\/contact\/\",\"url\":\"https:\/\/chiropractor-dilbeek.be\/nl\/contact\/\",\"name\":\"Chiropractor in Dilbeek \u2013 Neem contact op en maak een afspraak\",\"isPartOf\":{\"@id\":\"https:\/\/chiropractor-dilbeek.be\/nl\/#website\"},\"datePublished\":\"2022-04-08T06:32:10+00:00\",\"dateModified\":\"2025-12-26T14:42:29+00:00\",\"description\":\"Neem contact op met uw chiropractiepraktijk in Dilbeek, vlakbij Brussel, voor vragen of om een afspraak te maken.\",\"breadcrumb\":{\"@id\":\"https:\/\/chiropractor-dilbeek.be\/nl\/contact\/#breadcrumb\"},\"inLanguage\":\"nl-NL\",\"potentialAction\":[{\"@type\":\"ReadAction\",\"target\":[\"https:\/\/chiropractor-dilbeek.be\/nl\/contact\/\"]}]},{\"@type\":\"BreadcrumbList\",\"@id\":\"https:\/\/chiropractor-dilbeek.be\/nl\/contact\/#breadcrumb\",\"itemListElement\":[{\"@type\":\"ListItem\",\"position\":1,\"name\":\"Accueil\",\"item\":\"https:\/\/chiropractor-dilbeek.be\/nl\/\"},{\"@type\":\"ListItem\",\"position\":2,\"name\":\"Contact\"}]},{\"@type\":\"WebSite\",\"@id\":\"https:\/\/chiropractor-dilbeek.be\/nl\/#website\",\"url\":\"https:\/\/chiropractor-dilbeek.be\/nl\/\",\"name\":\"Chiropractor Dilbeek\",\"description\":\"Pascal Claes\",\"publisher\":{\"@id\":\"https:\/\/chiropractor-dilbeek.be\/nl\/#organization\"},\"potentialAction\":[{\"@type\":\"SearchAction\",\"target\":{\"@type\":\"EntryPoint\",\"urlTemplate\":\"https:\/\/chiropractor-dilbeek.be\/nl\/?s={search_term_string}\"},\"query-input\":{\"@type\":\"PropertyValueSpecification\",\"valueRequired\":true,\"valueName\":\"search_term_string\"}}],\"inLanguage\":\"nl-NL\"},{\"@type\":\"Organization\",\"@id\":\"https:\/\/chiropractor-dilbeek.be\/nl\/#organization\",\"name\":\"Chiropractor Dilbeek\",\"url\":\"https:\/\/chiropractor-dilbeek.be\/nl\/\",\"logo\":{\"@type\":\"ImageObject\",\"inLanguage\":\"nl-NL\",\"@id\":\"https:\/\/chiropractor-dilbeek.be\/nl\/#\/schema\/logo\/image\/\",\"url\":\"https:\/\/chiropractor-dilbeek.be\/wp-content\/uploads\/2025\/11\/chiropractor-dilbeek-horizontal-RVB.svg\",\"contentUrl\":\"https:\/\/chiropractor-dilbeek.be\/wp-content\/uploads\/2025\/11\/chiropractor-dilbeek-horizontal-RVB.svg\",\"caption\":\"Chiropractor Dilbeek\"},\"image\":{\"@id\":\"https:\/\/chiropractor-dilbeek.be\/nl\/#\/schema\/logo\/image\/\"},\"sameAs\":[\"https:\/\/www.facebook.com\/chiropractordilbeek\/\"]}]}<\/script>\n<!-- \/ Yoast SEO plugin. -->","yoast_head_json":{"title":"Chiropractor in Dilbeek \u2013 Neem contact op en maak een afspraak","description":"Neem contact op met uw chiropractiepraktijk in Dilbeek, vlakbij Brussel, voor vragen of om een afspraak te maken.","robots":{"index":"index","follow":"follow","max-snippet":"max-snippet:-1","max-image-preview":"max-image-preview:large","max-video-preview":"max-video-preview:-1"},"canonical":"https:\/\/chiropractor-dilbeek.be\/nl\/contact\/","og_locale":"nl_NL","og_type":"article","og_title":"Chiropractor in Dilbeek \u2013 Neem contact op en maak een afspraak","og_description":"Neem contact op met uw chiropractiepraktijk in Dilbeek, vlakbij Brussel, voor vragen of om een afspraak te maken.","og_url":"https:\/\/chiropractor-dilbeek.be\/nl\/contact\/","og_site_name":"Chiropractor Dilbeek","article_publisher":"https:\/\/www.facebook.com\/chiropractordilbeek\/","article_modified_time":"2025-12-26T14:42:29+00:00","og_image":[{"width":2000,"height":1339,"url":"https:\/\/chiropractor-dilbeek.be\/wp-content\/uploads\/2025\/12\/cpl098-Edit-green.jpg","type":"image\/jpeg"}],"twitter_card":"summary_large_image","twitter_misc":{"Geschatte leestijd":"1 minuut"},"schema":{"@context":"https:\/\/schema.org","@graph":[{"@type":"WebPage","@id":"https:\/\/chiropractor-dilbeek.be\/nl\/contact\/","url":"https:\/\/chiropractor-dilbeek.be\/nl\/contact\/","name":"Chiropractor in Dilbeek \u2013 Neem contact op en maak een afspraak","isPartOf":{"@id":"https:\/\/chiropractor-dilbeek.be\/nl\/#website"},"datePublished":"2022-04-08T06:32:10+00:00","dateModified":"2025-12-26T14:42:29+00:00","description":"Neem contact op met uw chiropractiepraktijk in Dilbeek, vlakbij Brussel, voor vragen of om een afspraak te maken.","breadcrumb":{"@id":"https:\/\/chiropractor-dilbeek.be\/nl\/contact\/#breadcrumb"},"inLanguage":"nl-NL","potentialAction":[{"@type":"ReadAction","target":["https:\/\/chiropractor-dilbeek.be\/nl\/contact\/"]}]},{"@type":"BreadcrumbList","@id":"https:\/\/chiropractor-dilbeek.be\/nl\/contact\/#breadcrumb","itemListElement":[{"@type":"ListItem","position":1,"name":"Accueil","item":"https:\/\/chiropractor-dilbeek.be\/nl\/"},{"@type":"ListItem","position":2,"name":"Contact"}]},{"@type":"WebSite","@id":"https:\/\/chiropractor-dilbeek.be\/nl\/#website","url":"https:\/\/chiropractor-dilbeek.be\/nl\/","name":"Chiropractor Dilbeek","description":"Pascal Claes","publisher":{"@id":"https:\/\/chiropractor-dilbeek.be\/nl\/#organization"},"potentialAction":[{"@type":"SearchAction","target":{"@type":"EntryPoint","urlTemplate":"https:\/\/chiropractor-dilbeek.be\/nl\/?s={search_term_string}"},"query-input":{"@type":"PropertyValueSpecification","valueRequired":true,"valueName":"search_term_string"}}],"inLanguage":"nl-NL"},{"@type":"Organization","@id":"https:\/\/chiropractor-dilbeek.be\/nl\/#organization","name":"Chiropractor Dilbeek","url":"https:\/\/chiropractor-dilbeek.be\/nl\/","logo":{"@type":"ImageObject","inLanguage":"nl-NL","@id":"https:\/\/chiropractor-dilbeek.be\/nl\/#\/schema\/logo\/image\/","url":"https:\/\/chiropractor-dilbeek.be\/wp-content\/uploads\/2025\/11\/chiropractor-dilbeek-horizontal-RVB.svg","contentUrl":"https:\/\/chiropractor-dilbeek.be\/wp-content\/uploads\/2025\/11\/chiropractor-dilbeek-horizontal-RVB.svg","caption":"Chiropractor Dilbeek"},"image":{"@id":"https:\/\/chiropractor-dilbeek.be\/nl\/#\/schema\/logo\/image\/"},"sameAs":["https:\/\/www.facebook.com\/chiropractordilbeek\/"]}]}},"_links":{"self":[{"href":"https:\/\/chiropractor-dilbeek.be\/nl\/wp-json\/wp\/v2\/pages\/907","targetHints":{"allow":["GET"]}}],"collection":[{"href":"https:\/\/chiropractor-dilbeek.be\/nl\/wp-json\/wp\/v2\/pages"}],"about":[{"href":"https:\/\/chiropractor-dilbeek.be\/nl\/wp-json\/wp\/v2\/types\/page"}],"author":[{"embeddable":true,"href":"https:\/\/chiropractor-dilbeek.be\/nl\/wp-json\/wp\/v2\/users\/1"}],"replies":[{"embeddable":true,"href":"https:\/\/chiropractor-dilbeek.be\/nl\/wp-json\/wp\/v2\/comments?post=907"}],"version-history":[{"count":18,"href":"https:\/\/chiropractor-dilbeek.be\/nl\/wp-json\/wp\/v2\/pages\/907\/revisions"}],"predecessor-version":[{"id":1178,"href":"https:\/\/chiropractor-dilbeek.be\/nl\/wp-json\/wp\/v2\/pages\/907\/revisions\/1178"}],"wp:attachment":[{"href":"https:\/\/chiropractor-dilbeek.be\/nl\/wp-json\/wp\/v2\/media?parent=907"}],"curies":[{"name":"wp","href":"https:\/\/api.w.org\/{rel}","templated":true}]}}