{"id":3,"date":"2025-11-22T19:33:09","date_gmt":"2025-11-22T19:33:09","guid":{"rendered":"https:\/\/chiropractor-dilbeek.be\/?page_id=3"},"modified":"2025-12-26T11:45:50","modified_gmt":"2025-12-26T11:45:50","slug":"politique-de-confidentialite","status":"publish","type":"page","link":"https:\/\/chiropractor-dilbeek.be\/fr\/politique-de-confidentialite\/","title":{"rendered":"Politique de confidentialit\u00e9"},"content":{"rendered":"\t\t<div data-elementor-type=\"wp-page\" data-elementor-id=\"3\" class=\"elementor elementor-3\">\n\t\t\t\t<div class=\"elementor-element elementor-element-5261def7 e-flex e-con-boxed e-con e-parent\" data-id=\"5261def7\" data-element_type=\"container\">\n\t\t\t\t\t<div class=\"e-con-inner\">\n\t\t\t\t<div class=\"elementor-element elementor-element-546aa211 elementor-widget elementor-widget-text-editor\" data-id=\"546aa211\" data-element_type=\"widget\" data-widget_type=\"text-editor.default\">\n\t\t\t\t\t\t\t\t\t<h3>Objet de la pr\u00e9sente politique de confidentialit\u00e9 du site <span class=\"grve-text-primary-2\">chiropractor-dilbeek.be<\/span><\/h3>\n<p>Pascal Claes, \u00e9tabli \u00e0 Dilbeek, a r\u00e9dig\u00e9 cette politique de confidentialit\u00e9 du site chiropractor-dilbeek.be.<\/p>\n<p>Cette politique informe les visiteurs du site web h\u00e9berg\u00e9 \u00e0 l\u2019adresse\u00a0<a href=\"https:\/\/www.chiropractor-dilbeek.be\/\">https:\/\/www.chiropractor-dilbeek.be<\/a>\u00a0de la mani\u00e8re dont les donn\u00e9es sont r\u00e9colt\u00e9es et trait\u00e9es par le responsable du traitement.<\/p>\n<p>La pr\u00e9sente politique s\u2019inscrit dans le souhait du responsable du traitement, d\u2019agir en toute transparence, dans le respect de la loi du 8 d\u00e9cembre 1992 relative \u00e0 la protection de la vie priv\u00e9e \u00e0 l\u2019\u00e9gard des traitements de donn\u00e9es \u00e0 caract\u00e8re personnel et du r\u00e8glement (UE) 2016\/679 du Parlement europ\u00e9en et du Conseil du 27 avril 2016 relatif \u00e0 la protection des personnes physiques \u00e0 l\u2019\u00e9gard du traitement des donn\u00e9es \u00e0 caract\u00e8re personnel et \u00e0 la libre circulation de ces donn\u00e9es, et abrogeant la directive 95\/46\/CE (ci-apr\u00e8s d\u00e9nomm\u00e9 le \u00ab r\u00e8glement g\u00e9n\u00e9ral sur la protection des donn\u00e9es \u00bb).<\/p>\n<p>Le responsable du traitement porte une attention particuli\u00e8re \u00e0 la protection de la vie priv\u00e9e de ses utilisateurs. Il s\u2019engage par cons\u00e9quent \u00e0 prendre les pr\u00e9cautions raisonnables requises pour prot\u00e9ger les donn\u00e9es \u00e0 caract\u00e8re personnel r\u00e9colt\u00e9es contre la perte, le vol, la divulgation ou l\u2019utilisation non autoris\u00e9e.<\/p>\n<h3>Informations collect\u00e9es<\/h3>\n<p>Je ne collecte que tr\u00e8s peu de donn\u00e9es sur ce site. En voici la liste:<\/p>\n<ul>\n<li>Cookies: Google Analytics \u2013 ces cookies aident \u00e0 am\u00e9liorer le contenu affich\u00e9 et le fonctionnement du site web. Pour plus de d\u00e9tails, vous pouvez consulter la politique GDPR de Google via le lien suivant :\u00a0<a href=\"https:\/\/policies.google.com\/privacy?hl=fr\" target=\"_blank\" rel=\"noopener noreferrer\">https:\/\/policies.google.com\/privacy?hl=fr<\/a>.<\/li>\n<li>Formulaire de contact li\u00e9 aux demandes g\u00e9n\u00e9rales. Les informations suivantes sont obligatoires pour remplir les formulaires:\n<ul><li>Pr\u00e9nom<\/li>\n<li>Nom<\/li>\n<li>T\u00e9l\u00e9phone<\/li>\n<li>Email<\/li>\n<li>Message<\/li><\/ul><\/li>\n<\/ul>\n<h3>Utilisation de ces informations<\/h3>\n<p>J\u2019utilise les cookies uniquement \u00e0 des fins d\u2019analyse. Le formulaire de contact sur le site web envoie toutes les demandes vers l\u2019adresse email\u00a0<a href=\"mailto:claeschiro@hotmail.com\">claeschiro@hotmail.com<\/a>. La bo\u00eete de r\u00e9ception de cet email est exclusivement accessible par ma personPascal Claes. Je lis et r\u00e9ponds aux mails. Je ne partage en aucun cas les informations collect\u00e9es en externe.<\/p>\n<h3>S\u00e9curit\u00e9<\/h3>\n<p>Plusieurs processus s\u00e9curisent les bases de donn\u00e9es du site web.<\/p>\n<h3>Comment acc\u00e9der et contr\u00f4ler vos informations<\/h3>\n<p>Souhaitez-vous en savoir plus sur la mani\u00e8re dont vos donn\u00e9es personnelles sont utilis\u00e9es ? Ou avez-vous des questions concernant le RGPD ? N\u2019h\u00e9sitez pas \u00e0 demander directement \u00e0 cette adresse:\u00a0<a href=\"mailto:claeschiro@hotmail.com\">claeschiro@hotmail.com<\/a>. Je vous r\u00e9pondrai \u00e0 votre demande d\u2019acc\u00e8s, de modification ou de suppression de vos donn\u00e9es personnelles.<\/p>\n<p><em>Cette page pr\u00e9sentera toute mise \u00e0 jour concernant la politique de confidentialit\u00e9 du site\u00a0<a href=\"https:\/\/www.chiropractor-dilbeek.be\">www.chiropractor-dilbeek.be<\/a>.<\/em><\/p>\t\t\t\t\t\t\t\t<\/div>\n\t\t\t\t\t<\/div>\n\t\t\t\t<\/div>\n\t\t\t\t<\/div>\n\t\t","protected":false},"excerpt":{"rendered":"<p>Objet de la pr\u00e9sente politique de confidentialit\u00e9 du site chiropractor-dilbeek.be Pascal Claes, \u00e9tabli \u00e0 Dilbeek, a r\u00e9dig\u00e9 cette politique de confidentialit\u00e9 du site chiropractor-dilbeek.be. Cette politique informe les visiteurs du site web h\u00e9berg\u00e9 \u00e0 l\u2019adresse\u00a0https:\/\/www.chiropractor-dilbeek.be\u00a0de la mani\u00e8re dont les donn\u00e9es sont r\u00e9colt\u00e9es et trait\u00e9es par le responsable du traitement. La pr\u00e9sente politique s\u2019inscrit dans le [&hellip;]<\/p>\n","protected":false},"author":1,"featured_media":0,"parent":0,"menu_order":0,"comment_status":"closed","ping_status":"open","template":"","meta":{"inline_featured_image":false,"footnotes":""},"class_list":["post-3","page","type-page","status-publish","hentry","grve-entry-item"],"yoast_head":"<!-- This site is optimized with the Yoast SEO plugin v26.7 - https:\/\/yoast.com\/wordpress\/plugins\/seo\/ -->\n<title>Politique de confidentialit\u00e9 du site Chiropractor-Dilbeek.be<\/title>\n<meta name=\"description\" content=\"Politique de confidentialit\u00e9 du site chiropractor-dilbeek.be : comment Pascal Claes collecte, utilise et prot\u00e8ge vos donn\u00e9es personnelles.\" \/>\n<meta name=\"robots\" content=\"index, follow, max-snippet:-1, max-image-preview:large, max-video-preview:-1\" \/>\n<link rel=\"canonical\" href=\"https:\/\/chiropractor-dilbeek.be\/fr\/politique-de-confidentialite\/\" \/>\n<meta property=\"og:locale\" content=\"fr_FR\" \/>\n<meta property=\"og:type\" content=\"article\" \/>\n<meta property=\"og:title\" content=\"Politique de confidentialit\u00e9 du site Chiropractor-Dilbeek.be\" \/>\n<meta property=\"og:description\" content=\"Politique de confidentialit\u00e9 du site chiropractor-dilbeek.be : comment Pascal Claes collecte, utilise et prot\u00e8ge vos donn\u00e9es personnelles.\" \/>\n<meta property=\"og:url\" content=\"https:\/\/chiropractor-dilbeek.be\/fr\/politique-de-confidentialite\/\" \/>\n<meta property=\"og:site_name\" content=\"Chiropractor Dilbeek\" \/>\n<meta property=\"article:publisher\" content=\"https:\/\/www.facebook.com\/chiropractordilbeek\/\" \/>\n<meta property=\"article:modified_time\" content=\"2025-12-26T11:45:50+00:00\" \/>\n<meta property=\"og:image\" content=\"https:\/\/chiropractor-dilbeek.be\/wp-content\/uploads\/2025\/12\/cpl098-Edit-green.jpg\" \/>\n\t<meta property=\"og:image:width\" content=\"2000\" \/>\n\t<meta property=\"og:image:height\" content=\"1339\" \/>\n\t<meta property=\"og:image:type\" content=\"image\/jpeg\" \/>\n<meta name=\"twitter:card\" content=\"summary_large_image\" \/>\n<meta name=\"twitter:label1\" content=\"Dur\u00e9e de lecture estim\u00e9e\" \/>\n\t<meta name=\"twitter:data1\" content=\"3 minutes\" \/>\n<script type=\"application\/ld+json\" class=\"yoast-schema-graph\">{\"@context\":\"https:\/\/schema.org\",\"@graph\":[{\"@type\":\"WebPage\",\"@id\":\"https:\/\/chiropractor-dilbeek.be\/fr\/politique-de-confidentialite\/\",\"url\":\"https:\/\/chiropractor-dilbeek.be\/fr\/politique-de-confidentialite\/\",\"name\":\"Politique de confidentialit\u00e9 du site Chiropractor-Dilbeek.be\",\"isPartOf\":{\"@id\":\"https:\/\/chiropractor-dilbeek.be\/fr\/#website\"},\"datePublished\":\"2025-11-22T19:33:09+00:00\",\"dateModified\":\"2025-12-26T11:45:50+00:00\",\"description\":\"Politique de confidentialit\u00e9 du site chiropractor-dilbeek.be : comment Pascal Claes collecte, utilise et prot\u00e8ge vos donn\u00e9es personnelles.\",\"breadcrumb\":{\"@id\":\"https:\/\/chiropractor-dilbeek.be\/fr\/politique-de-confidentialite\/#breadcrumb\"},\"inLanguage\":\"fr-FR\",\"potentialAction\":[{\"@type\":\"ReadAction\",\"target\":[\"https:\/\/chiropractor-dilbeek.be\/fr\/politique-de-confidentialite\/\"]}]},{\"@type\":\"BreadcrumbList\",\"@id\":\"https:\/\/chiropractor-dilbeek.be\/fr\/politique-de-confidentialite\/#breadcrumb\",\"itemListElement\":[{\"@type\":\"ListItem\",\"position\":1,\"name\":\"Accueil\",\"item\":\"https:\/\/chiropractor-dilbeek.be\/fr\/\"},{\"@type\":\"ListItem\",\"position\":2,\"name\":\"Politique de confidentialit\u00e9\"}]},{\"@type\":\"WebSite\",\"@id\":\"https:\/\/chiropractor-dilbeek.be\/fr\/#website\",\"url\":\"https:\/\/chiropractor-dilbeek.be\/fr\/\",\"name\":\"Chiropractor Dilbeek\",\"description\":\"Pascal Claes\",\"publisher\":{\"@id\":\"https:\/\/chiropractor-dilbeek.be\/fr\/#organization\"},\"potentialAction\":[{\"@type\":\"SearchAction\",\"target\":{\"@type\":\"EntryPoint\",\"urlTemplate\":\"https:\/\/chiropractor-dilbeek.be\/fr\/?s={search_term_string}\"},\"query-input\":{\"@type\":\"PropertyValueSpecification\",\"valueRequired\":true,\"valueName\":\"search_term_string\"}}],\"inLanguage\":\"fr-FR\"},{\"@type\":\"Organization\",\"@id\":\"https:\/\/chiropractor-dilbeek.be\/fr\/#organization\",\"name\":\"Chiropractor Dilbeek\",\"url\":\"https:\/\/chiropractor-dilbeek.be\/fr\/\",\"logo\":{\"@type\":\"ImageObject\",\"inLanguage\":\"fr-FR\",\"@id\":\"https:\/\/chiropractor-dilbeek.be\/fr\/#\/schema\/logo\/image\/\",\"url\":\"https:\/\/chiropractor-dilbeek.be\/wp-content\/uploads\/2025\/11\/chiropractor-dilbeek-horizontal-RVB.svg\",\"contentUrl\":\"https:\/\/chiropractor-dilbeek.be\/wp-content\/uploads\/2025\/11\/chiropractor-dilbeek-horizontal-RVB.svg\",\"caption\":\"Chiropractor Dilbeek\"},\"image\":{\"@id\":\"https:\/\/chiropractor-dilbeek.be\/fr\/#\/schema\/logo\/image\/\"},\"sameAs\":[\"https:\/\/www.facebook.com\/chiropractordilbeek\/\"]}]}<\/script>\n<!-- \/ Yoast SEO plugin. -->","yoast_head_json":{"title":"Politique de confidentialit\u00e9 du site Chiropractor-Dilbeek.be","description":"Politique de confidentialit\u00e9 du site chiropractor-dilbeek.be : comment Pascal Claes collecte, utilise et prot\u00e8ge vos donn\u00e9es personnelles.","robots":{"index":"index","follow":"follow","max-snippet":"max-snippet:-1","max-image-preview":"max-image-preview:large","max-video-preview":"max-video-preview:-1"},"canonical":"https:\/\/chiropractor-dilbeek.be\/fr\/politique-de-confidentialite\/","og_locale":"fr_FR","og_type":"article","og_title":"Politique de confidentialit\u00e9 du site Chiropractor-Dilbeek.be","og_description":"Politique de confidentialit\u00e9 du site chiropractor-dilbeek.be : comment Pascal Claes collecte, utilise et prot\u00e8ge vos donn\u00e9es personnelles.","og_url":"https:\/\/chiropractor-dilbeek.be\/fr\/politique-de-confidentialite\/","og_site_name":"Chiropractor Dilbeek","article_publisher":"https:\/\/www.facebook.com\/chiropractordilbeek\/","article_modified_time":"2025-12-26T11:45:50+00:00","og_image":[{"width":2000,"height":1339,"url":"https:\/\/chiropractor-dilbeek.be\/wp-content\/uploads\/2025\/12\/cpl098-Edit-green.jpg","type":"image\/jpeg"}],"twitter_card":"summary_large_image","twitter_misc":{"Dur\u00e9e de lecture estim\u00e9e":"3 minutes"},"schema":{"@context":"https:\/\/schema.org","@graph":[{"@type":"WebPage","@id":"https:\/\/chiropractor-dilbeek.be\/fr\/politique-de-confidentialite\/","url":"https:\/\/chiropractor-dilbeek.be\/fr\/politique-de-confidentialite\/","name":"Politique de confidentialit\u00e9 du site Chiropractor-Dilbeek.be","isPartOf":{"@id":"https:\/\/chiropractor-dilbeek.be\/fr\/#website"},"datePublished":"2025-11-22T19:33:09+00:00","dateModified":"2025-12-26T11:45:50+00:00","description":"Politique de confidentialit\u00e9 du site chiropractor-dilbeek.be : comment Pascal Claes collecte, utilise et prot\u00e8ge vos donn\u00e9es personnelles.","breadcrumb":{"@id":"https:\/\/chiropractor-dilbeek.be\/fr\/politique-de-confidentialite\/#breadcrumb"},"inLanguage":"fr-FR","potentialAction":[{"@type":"ReadAction","target":["https:\/\/chiropractor-dilbeek.be\/fr\/politique-de-confidentialite\/"]}]},{"@type":"BreadcrumbList","@id":"https:\/\/chiropractor-dilbeek.be\/fr\/politique-de-confidentialite\/#breadcrumb","itemListElement":[{"@type":"ListItem","position":1,"name":"Accueil","item":"https:\/\/chiropractor-dilbeek.be\/fr\/"},{"@type":"ListItem","position":2,"name":"Politique de confidentialit\u00e9"}]},{"@type":"WebSite","@id":"https:\/\/chiropractor-dilbeek.be\/fr\/#website","url":"https:\/\/chiropractor-dilbeek.be\/fr\/","name":"Chiropractor Dilbeek","description":"Pascal Claes","publisher":{"@id":"https:\/\/chiropractor-dilbeek.be\/fr\/#organization"},"potentialAction":[{"@type":"SearchAction","target":{"@type":"EntryPoint","urlTemplate":"https:\/\/chiropractor-dilbeek.be\/fr\/?s={search_term_string}"},"query-input":{"@type":"PropertyValueSpecification","valueRequired":true,"valueName":"search_term_string"}}],"inLanguage":"fr-FR"},{"@type":"Organization","@id":"https:\/\/chiropractor-dilbeek.be\/fr\/#organization","name":"Chiropractor Dilbeek","url":"https:\/\/chiropractor-dilbeek.be\/fr\/","logo":{"@type":"ImageObject","inLanguage":"fr-FR","@id":"https:\/\/chiropractor-dilbeek.be\/fr\/#\/schema\/logo\/image\/","url":"https:\/\/chiropractor-dilbeek.be\/wp-content\/uploads\/2025\/11\/chiropractor-dilbeek-horizontal-RVB.svg","contentUrl":"https:\/\/chiropractor-dilbeek.be\/wp-content\/uploads\/2025\/11\/chiropractor-dilbeek-horizontal-RVB.svg","caption":"Chiropractor Dilbeek"},"image":{"@id":"https:\/\/chiropractor-dilbeek.be\/fr\/#\/schema\/logo\/image\/"},"sameAs":["https:\/\/www.facebook.com\/chiropractordilbeek\/"]}]}},"_links":{"self":[{"href":"https:\/\/chiropractor-dilbeek.be\/fr\/wp-json\/wp\/v2\/pages\/3","targetHints":{"allow":["GET"]}}],"collection":[{"href":"https:\/\/chiropractor-dilbeek.be\/fr\/wp-json\/wp\/v2\/pages"}],"about":[{"href":"https:\/\/chiropractor-dilbeek.be\/fr\/wp-json\/wp\/v2\/types\/page"}],"author":[{"embeddable":true,"href":"https:\/\/chiropractor-dilbeek.be\/fr\/wp-json\/wp\/v2\/users\/1"}],"replies":[{"embeddable":true,"href":"https:\/\/chiropractor-dilbeek.be\/fr\/wp-json\/wp\/v2\/comments?post=3"}],"version-history":[{"count":4,"href":"https:\/\/chiropractor-dilbeek.be\/fr\/wp-json\/wp\/v2\/pages\/3\/revisions"}],"predecessor-version":[{"id":1010,"href":"https:\/\/chiropractor-dilbeek.be\/fr\/wp-json\/wp\/v2\/pages\/3\/revisions\/1010"}],"wp:attachment":[{"href":"https:\/\/chiropractor-dilbeek.be\/fr\/wp-json\/wp\/v2\/media?parent=3"}],"curies":[{"name":"wp","href":"https:\/\/api.w.org\/{rel}","templated":true}]}}