{"id":2,"date":"2025-11-22T19:33:09","date_gmt":"2025-11-22T19:33:09","guid":{"rendered":"https:\/\/chiropractor-dilbeek.be\/?page_id=2"},"modified":"2025-12-26T12:17:32","modified_gmt":"2025-12-26T12:17:32","slug":"votre-chiropracteur","status":"publish","type":"page","link":"https:\/\/chiropractor-dilbeek.be\/fr\/votre-chiropracteur\/","title":{"rendered":"Pascal Claes, votre chiropracteur"},"content":{"rendered":"\t\t<div data-elementor-type=\"wp-page\" data-elementor-id=\"2\" class=\"elementor elementor-2\">\n\t\t\t\t\t\t<section class=\"elementor-section elementor-top-section elementor-element elementor-element-7f92989 elementor-section-height-min-height elementor-section-boxed elementor-section-height-default elementor-section-items-middle\" data-id=\"7f92989\" data-element_type=\"section\" data-settings=\"{&quot;background_background&quot;:&quot;classic&quot;}\">\n\t\t\t\t\t\t\t<div class=\"elementor-background-overlay\"><\/div>\n\t\t\t\t\t\t\t<div class=\"elementor-container elementor-column-gap-default\">\n\t\t\t\t\t<div class=\"elementor-column elementor-col-100 elementor-top-column elementor-element elementor-element-fdadec7\" data-id=\"fdadec7\" data-element_type=\"column\">\n\t\t\t<div class=\"elementor-widget-wrap elementor-element-populated\">\n\t\t\t\t\t\t<section class=\"elementor-section elementor-inner-section elementor-element elementor-element-2784ef4 elementor-section-boxed elementor-section-height-default elementor-section-height-default\" data-id=\"2784ef4\" data-element_type=\"section\">\n\t\t\t\t\t\t<div class=\"elementor-container elementor-column-gap-default\">\n\t\t\t\t\t<div class=\"elementor-column elementor-col-100 elementor-inner-column elementor-element elementor-element-7e3ae14\" data-id=\"7e3ae14\" data-element_type=\"column\">\n\t\t\t<div class=\"elementor-widget-wrap elementor-element-populated\">\n\t\t\t\t\t\t<div class=\"elementor-element elementor-element-a017dbf grve-elementor-align-center elementor-widget elementor-widget-impeka_title\" data-id=\"a017dbf\" data-element_type=\"widget\" data-widget_type=\"impeka_title.default\">\n\t\t\t\t<div class=\"elementor-widget-container\">\n\t\t\t\t\t<h2 data-animation=\"appear-down\" data-delay=\"200\" data-duration=\"normal\" class=\"grve-element grve-title grve-appear-animation grve-advanced-animation grve-animated-item grve-h1 grve-text-primary-3\" style=\"margin-bottom: 50px;\"><span>Pascal Claes<br><\/span><\/h2>\t\t\t\t<\/div>\n\t\t\t\t<\/div>\n\t\t\t\t<div class=\"elementor-element elementor-element-3193b9d grve-elementor-align-center elementor-widget elementor-widget-impeka_title\" data-id=\"3193b9d\" data-element_type=\"widget\" data-widget_type=\"impeka_title.default\">\n\t\t\t\t<div class=\"elementor-widget-container\">\n\t\t\t\t\t<h1 data-animation=\"appear-down\" data-delay=\"400\" data-duration=\"normal\" class=\"grve-element grve-title grve-appear-animation grve-advanced-animation grve-animated-item grve-leader-text grve-increase-heading grve-heading-120\" style=\" color: #FDFBE6;\"><span>Chiropracteur \u00e0 Dilbeek, pr\u00e8s de Bruxelles<\/span><\/h1>\t\t\t\t<\/div>\n\t\t\t\t<\/div>\n\t\t\t\t\t<\/div>\n\t\t<\/div>\n\t\t\t\t\t<\/div>\n\t\t<\/section>\n\t\t\t\t\t<\/div>\n\t\t<\/div>\n\t\t\t\t\t<\/div>\n\t\t<\/section>\n\t\t\t\t<section class=\"elementor-section elementor-top-section elementor-element elementor-element-79bdf90a elementor-section-full_width elementor-reverse-mobile elementor-section-height-default elementor-section-height-default\" data-id=\"79bdf90a\" data-element_type=\"section\">\n\t\t\t\t\t\t<div class=\"elementor-container elementor-column-gap-no\">\n\t\t\t\t\t<div class=\"elementor-column elementor-col-100 elementor-top-column elementor-element elementor-element-71eeafde\" data-id=\"71eeafde\" data-element_type=\"column\">\n\t\t\t<div class=\"elementor-widget-wrap elementor-element-populated\">\n\t\t\t\t\t\t<div class=\"elementor-element elementor-element-035752a elementor-widget elementor-widget-image\" data-id=\"035752a\" data-element_type=\"widget\" data-widget_type=\"image.default\">\n\t\t\t\t\t\t\t\t\t\t\t\t\t\t\t<img fetchpriority=\"high\" decoding=\"async\" width=\"300\" height=\"300\" src=\"https:\/\/chiropractor-dilbeek.be\/wp-content\/uploads\/2025\/12\/Pascal-Claes-300x300.webp\" class=\"attachment-medium size-medium wp-image-789\" alt=\"Pascal Claes, Chiropracteur \u00e0 Dilbeek\" srcset=\"https:\/\/chiropractor-dilbeek.be\/wp-content\/uploads\/2025\/12\/Pascal-Claes-300x300.webp 300w, https:\/\/chiropractor-dilbeek.be\/wp-content\/uploads\/2025\/12\/Pascal-Claes-150x150.webp 150w, https:\/\/chiropractor-dilbeek.be\/wp-content\/uploads\/2025\/12\/Pascal-Claes.webp 500w\" sizes=\"(max-width: 300px) 100vw, 300px\" \/>\t\t\t\t\t\t\t\t\t\t\t\t\t\t\t<\/div>\n\t\t\t\t<div class=\"elementor-element elementor-element-0079b4f grve-elementor-align-center elementor-widget elementor-widget-impeka_title\" data-id=\"0079b4f\" data-element_type=\"widget\" data-widget_type=\"impeka_title.default\">\n\t\t\t\t<div class=\"elementor-widget-container\">\n\t\t\t\t\t<h4 class=\"grve-element grve-title grve-leader-text\" style=\"margin-bottom: 50px;\"><span>Dipl\u00f4m\u00e9 du <strong>Doctor of Chiropractic (DC)<\/strong> \u00e0 la <strong>LIFE University d\u2019Atlanta (USA)<\/strong>, Pascal Claes accompagne ses patients pour <strong>soulager les douleurs du dos, les tensions musculaires et les troubles articulaires<\/strong>.<br>\u00a0<br>Membre de la <strong>BVC<\/strong>, de l\u2019<strong>ECU<\/strong> et de l\u2019<strong>EAC<\/strong>, il pratique une <strong>chiropraxie douce, pr\u00e9cise et personnalis\u00e9e<\/strong>, adapt\u00e9e \u00e0 tous les \u00e2ges.<br>\u00a0<br>Que vous soyez \u00e0 <strong>Dilbeek, Bruxelles ou les communes voisines<\/strong>, faites confiance \u00e0 Pascal Claes pour retrouver <strong>mobilit\u00e9, confort et bien-\u00eatre<\/strong> gr\u00e2ce \u00e0 une approche naturelle et s\u00e9curis\u00e9e.<br><\/span><\/h4>\t\t\t\t<\/div>\n\t\t\t\t<\/div>\n\t\t\t\t<div class=\"elementor-element elementor-element-126c7d65 grve-elementor-align-center elementor-widget elementor-widget-impeka_button\" data-id=\"126c7d65\" data-element_type=\"widget\" data-widget_type=\"impeka_button.default\">\n\t\t\t\t<div class=\"elementor-widget-container\">\n\t\t\t\t\t<div class=\"grve-element\"><a href=\"https:\/\/www.doctoranytime.be\/d\/chiropracteur\/pascal-claes\" target=\"_blank\" class=\"grve-btn grve-round grve-bg-primary-2 grve-border-primary-2 grve-bg-hover-primary-3 grve-border-hover-primary-3 grve-text-white grve-text-hover-white grve-btn-small\">\r\n\t\t<span>Je prends rendez-vous<\/span>\r\n\t\t\t\t\t\t\t<\/a><\/div>\t\t\t\t<\/div>\n\t\t\t\t<\/div>\n\t\t\t\t\t<\/div>\n\t\t<\/div>\n\t\t\t\t\t<\/div>\n\t\t<\/section>\n\t\t\t\t<\/div>\n\t\t","protected":false},"excerpt":{"rendered":"<p>Pascal Claes Chiropracteur \u00e0 Dilbeek, pr\u00e8s de Bruxelles Dipl\u00f4m\u00e9 du Doctor of Chiropractic (DC) \u00e0 la LIFE University d\u2019Atlanta (USA), Pascal Claes accompagne ses patients pour soulager les douleurs du dos, les tensions musculaires et les troubles articulaires.\u00a0Membre de la BVC, de l\u2019ECU et de l\u2019EAC, il pratique une chiropraxie douce, pr\u00e9cise et personnalis\u00e9e, adapt\u00e9e [&hellip;]<\/p>\n","protected":false},"author":1,"featured_media":0,"parent":0,"menu_order":0,"comment_status":"closed","ping_status":"open","template":"","meta":{"inline_featured_image":false,"footnotes":""},"class_list":["post-2","page","type-page","status-publish","hentry","grve-entry-item"],"yoast_head":"<!-- This site is optimized with the Yoast SEO plugin v26.7 - https:\/\/yoast.com\/wordpress\/plugins\/seo\/ -->\n<title>Pascal Claes \u2013 Chiropracteur \u00e0 Dilbeek pr\u00e8s de Bruxelles<\/title>\n<meta name=\"description\" content=\"D\u00e9couvrez Pascal Claes, chiropracteur \u00e0 Dilbeek, pr\u00e8s de Bruxelles. Expert en soulagement du dos, tensions musculaires et troubles articulaires.\" \/>\n<meta name=\"robots\" content=\"index, follow, max-snippet:-1, max-image-preview:large, max-video-preview:-1\" \/>\n<link rel=\"canonical\" href=\"https:\/\/chiropractor-dilbeek.be\/fr\/votre-chiropracteur\/\" \/>\n<meta property=\"og:locale\" content=\"fr_FR\" \/>\n<meta property=\"og:type\" content=\"article\" \/>\n<meta property=\"og:title\" content=\"Pascal Claes \u2013 Chiropracteur \u00e0 Dilbeek pr\u00e8s de Bruxelles\" \/>\n<meta property=\"og:description\" content=\"D\u00e9couvrez Pascal Claes, chiropracteur \u00e0 Dilbeek, pr\u00e8s de Bruxelles. Expert en soulagement du dos, tensions musculaires et troubles articulaires.\" \/>\n<meta property=\"og:url\" content=\"https:\/\/chiropractor-dilbeek.be\/fr\/votre-chiropracteur\/\" \/>\n<meta property=\"og:site_name\" content=\"Chiropractor Dilbeek\" \/>\n<meta property=\"article:publisher\" content=\"https:\/\/www.facebook.com\/chiropractordilbeek\/\" \/>\n<meta property=\"article:modified_time\" content=\"2025-12-26T12:17:32+00:00\" \/>\n<meta property=\"og:image\" content=\"https:\/\/chiropractor-dilbeek.be\/wp-content\/uploads\/2025\/12\/Pascal-Claes.webp\" \/>\n\t<meta property=\"og:image:width\" content=\"500\" \/>\n\t<meta property=\"og:image:height\" content=\"500\" \/>\n\t<meta property=\"og:image:type\" content=\"image\/webp\" \/>\n<meta name=\"twitter:card\" content=\"summary_large_image\" \/>\n<meta name=\"twitter:label1\" content=\"Dur\u00e9e de lecture estim\u00e9e\" \/>\n\t<meta name=\"twitter:data1\" content=\"1 minute\" \/>\n<script type=\"application\/ld+json\" class=\"yoast-schema-graph\">{\"@context\":\"https:\/\/schema.org\",\"@graph\":[{\"@type\":\"WebPage\",\"@id\":\"https:\/\/chiropractor-dilbeek.be\/fr\/votre-chiropracteur\/\",\"url\":\"https:\/\/chiropractor-dilbeek.be\/fr\/votre-chiropracteur\/\",\"name\":\"Pascal Claes \u2013 Chiropracteur \u00e0 Dilbeek pr\u00e8s de Bruxelles\",\"isPartOf\":{\"@id\":\"https:\/\/chiropractor-dilbeek.be\/fr\/#website\"},\"primaryImageOfPage\":{\"@id\":\"https:\/\/chiropractor-dilbeek.be\/fr\/votre-chiropracteur\/#primaryimage\"},\"image\":{\"@id\":\"https:\/\/chiropractor-dilbeek.be\/fr\/votre-chiropracteur\/#primaryimage\"},\"thumbnailUrl\":\"https:\/\/chiropractor-dilbeek.be\/wp-content\/uploads\/2025\/12\/Pascal-Claes-300x300.webp\",\"datePublished\":\"2025-11-22T19:33:09+00:00\",\"dateModified\":\"2025-12-26T12:17:32+00:00\",\"description\":\"D\u00e9couvrez Pascal Claes, chiropracteur \u00e0 Dilbeek, pr\u00e8s de Bruxelles. Expert en soulagement du dos, tensions musculaires et troubles articulaires.\",\"breadcrumb\":{\"@id\":\"https:\/\/chiropractor-dilbeek.be\/fr\/votre-chiropracteur\/#breadcrumb\"},\"inLanguage\":\"fr-FR\",\"potentialAction\":[{\"@type\":\"ReadAction\",\"target\":[\"https:\/\/chiropractor-dilbeek.be\/fr\/votre-chiropracteur\/\"]}]},{\"@type\":\"ImageObject\",\"inLanguage\":\"fr-FR\",\"@id\":\"https:\/\/chiropractor-dilbeek.be\/fr\/votre-chiropracteur\/#primaryimage\",\"url\":\"https:\/\/chiropractor-dilbeek.be\/wp-content\/uploads\/2025\/12\/Pascal-Claes-300x300.webp\",\"contentUrl\":\"https:\/\/chiropractor-dilbeek.be\/wp-content\/uploads\/2025\/12\/Pascal-Claes-300x300.webp\"},{\"@type\":\"BreadcrumbList\",\"@id\":\"https:\/\/chiropractor-dilbeek.be\/fr\/votre-chiropracteur\/#breadcrumb\",\"itemListElement\":[{\"@type\":\"ListItem\",\"position\":1,\"name\":\"Accueil\",\"item\":\"https:\/\/chiropractor-dilbeek.be\/fr\/\"},{\"@type\":\"ListItem\",\"position\":2,\"name\":\"Pascal Claes, votre chiropracteur\"}]},{\"@type\":\"WebSite\",\"@id\":\"https:\/\/chiropractor-dilbeek.be\/fr\/#website\",\"url\":\"https:\/\/chiropractor-dilbeek.be\/fr\/\",\"name\":\"Chiropractor Dilbeek\",\"description\":\"Pascal Claes\",\"publisher\":{\"@id\":\"https:\/\/chiropractor-dilbeek.be\/fr\/#organization\"},\"potentialAction\":[{\"@type\":\"SearchAction\",\"target\":{\"@type\":\"EntryPoint\",\"urlTemplate\":\"https:\/\/chiropractor-dilbeek.be\/fr\/?s={search_term_string}\"},\"query-input\":{\"@type\":\"PropertyValueSpecification\",\"valueRequired\":true,\"valueName\":\"search_term_string\"}}],\"inLanguage\":\"fr-FR\"},{\"@type\":\"Organization\",\"@id\":\"https:\/\/chiropractor-dilbeek.be\/fr\/#organization\",\"name\":\"Chiropractor Dilbeek\",\"url\":\"https:\/\/chiropractor-dilbeek.be\/fr\/\",\"logo\":{\"@type\":\"ImageObject\",\"inLanguage\":\"fr-FR\",\"@id\":\"https:\/\/chiropractor-dilbeek.be\/fr\/#\/schema\/logo\/image\/\",\"url\":\"https:\/\/chiropractor-dilbeek.be\/wp-content\/uploads\/2025\/11\/chiropractor-dilbeek-horizontal-RVB.svg\",\"contentUrl\":\"https:\/\/chiropractor-dilbeek.be\/wp-content\/uploads\/2025\/11\/chiropractor-dilbeek-horizontal-RVB.svg\",\"caption\":\"Chiropractor Dilbeek\"},\"image\":{\"@id\":\"https:\/\/chiropractor-dilbeek.be\/fr\/#\/schema\/logo\/image\/\"},\"sameAs\":[\"https:\/\/www.facebook.com\/chiropractordilbeek\/\"]}]}<\/script>\n<!-- \/ Yoast SEO plugin. -->","yoast_head_json":{"title":"Pascal Claes \u2013 Chiropracteur \u00e0 Dilbeek pr\u00e8s de Bruxelles","description":"D\u00e9couvrez Pascal Claes, chiropracteur \u00e0 Dilbeek, pr\u00e8s de Bruxelles. Expert en soulagement du dos, tensions musculaires et troubles articulaires.","robots":{"index":"index","follow":"follow","max-snippet":"max-snippet:-1","max-image-preview":"max-image-preview:large","max-video-preview":"max-video-preview:-1"},"canonical":"https:\/\/chiropractor-dilbeek.be\/fr\/votre-chiropracteur\/","og_locale":"fr_FR","og_type":"article","og_title":"Pascal Claes \u2013 Chiropracteur \u00e0 Dilbeek pr\u00e8s de Bruxelles","og_description":"D\u00e9couvrez Pascal Claes, chiropracteur \u00e0 Dilbeek, pr\u00e8s de Bruxelles. Expert en soulagement du dos, tensions musculaires et troubles articulaires.","og_url":"https:\/\/chiropractor-dilbeek.be\/fr\/votre-chiropracteur\/","og_site_name":"Chiropractor Dilbeek","article_publisher":"https:\/\/www.facebook.com\/chiropractordilbeek\/","article_modified_time":"2025-12-26T12:17:32+00:00","og_image":[{"width":500,"height":500,"url":"https:\/\/chiropractor-dilbeek.be\/wp-content\/uploads\/2025\/12\/Pascal-Claes.webp","type":"image\/webp"}],"twitter_card":"summary_large_image","twitter_misc":{"Dur\u00e9e de lecture estim\u00e9e":"1 minute"},"schema":{"@context":"https:\/\/schema.org","@graph":[{"@type":"WebPage","@id":"https:\/\/chiropractor-dilbeek.be\/fr\/votre-chiropracteur\/","url":"https:\/\/chiropractor-dilbeek.be\/fr\/votre-chiropracteur\/","name":"Pascal Claes \u2013 Chiropracteur \u00e0 Dilbeek pr\u00e8s de Bruxelles","isPartOf":{"@id":"https:\/\/chiropractor-dilbeek.be\/fr\/#website"},"primaryImageOfPage":{"@id":"https:\/\/chiropractor-dilbeek.be\/fr\/votre-chiropracteur\/#primaryimage"},"image":{"@id":"https:\/\/chiropractor-dilbeek.be\/fr\/votre-chiropracteur\/#primaryimage"},"thumbnailUrl":"https:\/\/chiropractor-dilbeek.be\/wp-content\/uploads\/2025\/12\/Pascal-Claes-300x300.webp","datePublished":"2025-11-22T19:33:09+00:00","dateModified":"2025-12-26T12:17:32+00:00","description":"D\u00e9couvrez Pascal Claes, chiropracteur \u00e0 Dilbeek, pr\u00e8s de Bruxelles. Expert en soulagement du dos, tensions musculaires et troubles articulaires.","breadcrumb":{"@id":"https:\/\/chiropractor-dilbeek.be\/fr\/votre-chiropracteur\/#breadcrumb"},"inLanguage":"fr-FR","potentialAction":[{"@type":"ReadAction","target":["https:\/\/chiropractor-dilbeek.be\/fr\/votre-chiropracteur\/"]}]},{"@type":"ImageObject","inLanguage":"fr-FR","@id":"https:\/\/chiropractor-dilbeek.be\/fr\/votre-chiropracteur\/#primaryimage","url":"https:\/\/chiropractor-dilbeek.be\/wp-content\/uploads\/2025\/12\/Pascal-Claes-300x300.webp","contentUrl":"https:\/\/chiropractor-dilbeek.be\/wp-content\/uploads\/2025\/12\/Pascal-Claes-300x300.webp"},{"@type":"BreadcrumbList","@id":"https:\/\/chiropractor-dilbeek.be\/fr\/votre-chiropracteur\/#breadcrumb","itemListElement":[{"@type":"ListItem","position":1,"name":"Accueil","item":"https:\/\/chiropractor-dilbeek.be\/fr\/"},{"@type":"ListItem","position":2,"name":"Pascal Claes, votre chiropracteur"}]},{"@type":"WebSite","@id":"https:\/\/chiropractor-dilbeek.be\/fr\/#website","url":"https:\/\/chiropractor-dilbeek.be\/fr\/","name":"Chiropractor Dilbeek","description":"Pascal Claes","publisher":{"@id":"https:\/\/chiropractor-dilbeek.be\/fr\/#organization"},"potentialAction":[{"@type":"SearchAction","target":{"@type":"EntryPoint","urlTemplate":"https:\/\/chiropractor-dilbeek.be\/fr\/?s={search_term_string}"},"query-input":{"@type":"PropertyValueSpecification","valueRequired":true,"valueName":"search_term_string"}}],"inLanguage":"fr-FR"},{"@type":"Organization","@id":"https:\/\/chiropractor-dilbeek.be\/fr\/#organization","name":"Chiropractor Dilbeek","url":"https:\/\/chiropractor-dilbeek.be\/fr\/","logo":{"@type":"ImageObject","inLanguage":"fr-FR","@id":"https:\/\/chiropractor-dilbeek.be\/fr\/#\/schema\/logo\/image\/","url":"https:\/\/chiropractor-dilbeek.be\/wp-content\/uploads\/2025\/11\/chiropractor-dilbeek-horizontal-RVB.svg","contentUrl":"https:\/\/chiropractor-dilbeek.be\/wp-content\/uploads\/2025\/11\/chiropractor-dilbeek-horizontal-RVB.svg","caption":"Chiropractor Dilbeek"},"image":{"@id":"https:\/\/chiropractor-dilbeek.be\/fr\/#\/schema\/logo\/image\/"},"sameAs":["https:\/\/www.facebook.com\/chiropractordilbeek\/"]}]}},"_links":{"self":[{"href":"https:\/\/chiropractor-dilbeek.be\/fr\/wp-json\/wp\/v2\/pages\/2","targetHints":{"allow":["GET"]}}],"collection":[{"href":"https:\/\/chiropractor-dilbeek.be\/fr\/wp-json\/wp\/v2\/pages"}],"about":[{"href":"https:\/\/chiropractor-dilbeek.be\/fr\/wp-json\/wp\/v2\/types\/page"}],"author":[{"embeddable":true,"href":"https:\/\/chiropractor-dilbeek.be\/fr\/wp-json\/wp\/v2\/users\/1"}],"replies":[{"embeddable":true,"href":"https:\/\/chiropractor-dilbeek.be\/fr\/wp-json\/wp\/v2\/comments?post=2"}],"version-history":[{"count":26,"href":"https:\/\/chiropractor-dilbeek.be\/fr\/wp-json\/wp\/v2\/pages\/2\/revisions"}],"predecessor-version":[{"id":1095,"href":"https:\/\/chiropractor-dilbeek.be\/fr\/wp-json\/wp\/v2\/pages\/2\/revisions\/1095"}],"wp:attachment":[{"href":"https:\/\/chiropractor-dilbeek.be\/fr\/wp-json\/wp\/v2\/media?parent=2"}],"curies":[{"name":"wp","href":"https:\/\/api.w.org\/{rel}","templated":true}]}}