{"id":910,"date":"2022-04-08T06:32:10","date_gmt":"2022-04-08T06:32:10","guid":{"rendered":"https:\/\/chiropractor-dilbeek.be\/contact\/"},"modified":"2025-12-26T12:11:04","modified_gmt":"2025-12-26T12:11:04","slug":"contact","status":"publish","type":"page","link":"https:\/\/chiropractor-dilbeek.be\/en\/contact\/","title":{"rendered":"Contact"},"content":{"rendered":"<h2 data-animation=\"appear-down\" data-delay=\"200\" data-duration=\"normal\" style=\"margin-bottom: 50px;\">Contact Pascal Claes<br \/><\/h2>\n<h1 data-animation=\"appear-down\" data-delay=\"400\" data-duration=\"normal\" style=\" color: #FDFBE6;\">Chiropractor in Dilbeek, near Brussels<br \/><\/h1>\n<h3>A chiropractic clinic close to Brussels<\/h3>\n<p>\t\t\t\t\tLocated in Dilbeek, the practice of <strong>Pascal Claes<\/strong> is easily accessible from Brussels, Anderlecht, Jette, Ganshoren, Berchem-Sainte-Agathe, and surrounding areas. You will be welcomed in a professional, soothing, and caring environment \u2014 ideal for relaxation and recovery.<br \/>\u00a0<br \/>Whether you suffer from back pain, joint stiffness, or simply wish to improve your posture and mobility, your <strong>chiropractor in Dilbeek<\/strong> offers a natural, precise, and personalised approach tailored to your needs.\t\t\t\t<\/p>\n<p role=\"status\" aria-live=\"polite\" aria-atomic=\"true\">\n<ul><\/ul>\n<form action=\"\/wp-admin\/admin-ajax.php#wpcf7-f1028-o3\" method=\"post\" aria-label=\"Formulaire de contact\" novalidate=\"novalidate\" data-status=\"init\">\n<fieldset><input type=\"hidden\" name=\"_wpcf7\" value=\"1028\" \/><input type=\"hidden\" name=\"_wpcf7_version\" value=\"6.1.4\" \/><input type=\"hidden\" name=\"_wpcf7_locale\" value=\"fr_FR\" \/><input type=\"hidden\" name=\"_wpcf7_unit_tag\" value=\"wpcf7-f1028-o3\" \/><input type=\"hidden\" name=\"_wpcf7_container_post\" value=\"0\" \/><input type=\"hidden\" name=\"_wpcf7_posted_data_hash\" value=\"\" \/><br \/>\n<\/fieldset>\n<p><input size=\"40\" maxlength=\"400\" autocomplete=\"off\" aria-required=\"true\" aria-invalid=\"false\" placeholder=\"Your firstname*\" value=\"\" type=\"text\" name=\"your-firstname\" \/><br \/>\n<input size=\"40\" maxlength=\"400\" autocomplete=\"off\" aria-required=\"true\" aria-invalid=\"false\" placeholder=\"Your name*\" value=\"\" type=\"text\" name=\"your-name\" \/><br \/>\n<input size=\"40\" maxlength=\"400\" aria-required=\"true\" aria-invalid=\"false\" placeholder=\"Votre num\u00e9ro de t\u00e9l\u00e9phone*\" value=\"\" type=\"tel\" name=\"your-phone\" \/><br \/>\n<input size=\"40\" maxlength=\"400\" autocomplete=\"off\" aria-required=\"true\" aria-invalid=\"false\" placeholder=\"Your email address*\" value=\"\" type=\"email\" name=\"your-email\" \/><br \/>\n<textarea cols=\"40\" rows=\"10\" maxlength=\"2000\" aria-required=\"true\" aria-invalid=\"false\" placeholder=\"Message*\" name=\"your-message\"><\/textarea><br \/>\n<label><input type=\"checkbox\" name=\"acceptance-570\" value=\"1\" aria-invalid=\"false\" \/>I authorise Pascal Claes to process my personal data. Check <a href=\"https:\/\/chiropractor-dilbeek.be\/en\/privacy-policy\/\" target=\"_blank\">the privacy policy here<\/a>.<\/label><br \/>\n<input type=\"submit\" value=\"I send my message\" \/><br \/>\n<\/form>\n","protected":false},"excerpt":{"rendered":"<p>Contact Pascal Claes Chiropractor in Dilbeek, near Brussels A chiropractic clinic close to Brussels Located in Dilbeek, the practice of Pascal Claes is easily accessible from Brussels, Anderlecht, Jette, Ganshoren, Berchem-Sainte-Agathe, and surrounding areas. You will be welcomed in a professional, soothing, and caring environment \u2014 ideal for relaxation and recovery.\u00a0Whether you suffer from back [&hellip;]<\/p>\n","protected":false},"author":1,"featured_media":0,"parent":0,"menu_order":0,"comment_status":"closed","ping_status":"closed","template":"","meta":{"inline_featured_image":false,"footnotes":""},"class_list":["post-910","page","type-page","status-publish","hentry","grve-entry-item"],"yoast_head":"<!-- This site is optimized with the Yoast SEO plugin v26.7 - https:\/\/yoast.com\/wordpress\/plugins\/seo\/ -->\n<title>Chiropractor in Dilbeek \u2013 Contact and book an appointment easily<\/title>\n<meta name=\"description\" content=\"Contact your chiropractic practice in Dilbeek, near Brussels, for any questions or to make an appointment.\" \/>\n<meta name=\"robots\" content=\"index, follow, max-snippet:-1, max-image-preview:large, max-video-preview:-1\" \/>\n<link rel=\"canonical\" href=\"https:\/\/chiropractor-dilbeek.be\/en\/contact\/\" \/>\n<meta property=\"og:locale\" content=\"en_US\" \/>\n<meta property=\"og:type\" content=\"article\" \/>\n<meta property=\"og:title\" content=\"Chiropractor in Dilbeek \u2013 Contact and book an appointment easily\" \/>\n<meta property=\"og:description\" content=\"Contact your chiropractic practice in Dilbeek, near Brussels, for any questions or to make an appointment.\" \/>\n<meta property=\"og:url\" content=\"https:\/\/chiropractor-dilbeek.be\/en\/contact\/\" \/>\n<meta property=\"og:site_name\" content=\"Chiropractor Dilbeek\" \/>\n<meta property=\"article:publisher\" content=\"https:\/\/www.facebook.com\/chiropractordilbeek\/\" \/>\n<meta property=\"article:modified_time\" content=\"2025-12-26T12:11:04+00:00\" \/>\n<meta property=\"og:image\" content=\"https:\/\/chiropractor-dilbeek.be\/wp-content\/uploads\/2025\/12\/cpl098-Edit-green.jpg\" \/>\n\t<meta property=\"og:image:width\" content=\"2000\" \/>\n\t<meta property=\"og:image:height\" content=\"1339\" \/>\n\t<meta property=\"og:image:type\" content=\"image\/jpeg\" \/>\n<meta name=\"twitter:card\" content=\"summary_large_image\" \/>\n<meta name=\"twitter:label1\" content=\"Est. reading time\" \/>\n\t<meta name=\"twitter:data1\" content=\"7 minutes\" \/>\n<script type=\"application\/ld+json\" class=\"yoast-schema-graph\">{\"@context\":\"https:\/\/schema.org\",\"@graph\":[{\"@type\":\"WebPage\",\"@id\":\"https:\/\/chiropractor-dilbeek.be\/en\/contact\/\",\"url\":\"https:\/\/chiropractor-dilbeek.be\/en\/contact\/\",\"name\":\"Chiropractor in Dilbeek \u2013 Contact and book an appointment easily\",\"isPartOf\":{\"@id\":\"https:\/\/chiropractor-dilbeek.be\/en\/#website\"},\"datePublished\":\"2022-04-08T06:32:10+00:00\",\"dateModified\":\"2025-12-26T12:11:04+00:00\",\"description\":\"Contact your chiropractic practice in Dilbeek, near Brussels, for any questions or to make an appointment.\",\"breadcrumb\":{\"@id\":\"https:\/\/chiropractor-dilbeek.be\/en\/contact\/#breadcrumb\"},\"inLanguage\":\"en-US\",\"potentialAction\":[{\"@type\":\"ReadAction\",\"target\":[\"https:\/\/chiropractor-dilbeek.be\/en\/contact\/\"]}]},{\"@type\":\"BreadcrumbList\",\"@id\":\"https:\/\/chiropractor-dilbeek.be\/en\/contact\/#breadcrumb\",\"itemListElement\":[{\"@type\":\"ListItem\",\"position\":1,\"name\":\"Accueil\",\"item\":\"https:\/\/chiropractor-dilbeek.be\/en\/\"},{\"@type\":\"ListItem\",\"position\":2,\"name\":\"Contact\"}]},{\"@type\":\"WebSite\",\"@id\":\"https:\/\/chiropractor-dilbeek.be\/en\/#website\",\"url\":\"https:\/\/chiropractor-dilbeek.be\/en\/\",\"name\":\"Chiropractor Dilbeek\",\"description\":\"Pascal Claes\",\"publisher\":{\"@id\":\"https:\/\/chiropractor-dilbeek.be\/en\/#organization\"},\"potentialAction\":[{\"@type\":\"SearchAction\",\"target\":{\"@type\":\"EntryPoint\",\"urlTemplate\":\"https:\/\/chiropractor-dilbeek.be\/en\/?s={search_term_string}\"},\"query-input\":{\"@type\":\"PropertyValueSpecification\",\"valueRequired\":true,\"valueName\":\"search_term_string\"}}],\"inLanguage\":\"en-US\"},{\"@type\":\"Organization\",\"@id\":\"https:\/\/chiropractor-dilbeek.be\/en\/#organization\",\"name\":\"Chiropractor Dilbeek\",\"url\":\"https:\/\/chiropractor-dilbeek.be\/en\/\",\"logo\":{\"@type\":\"ImageObject\",\"inLanguage\":\"en-US\",\"@id\":\"https:\/\/chiropractor-dilbeek.be\/en\/#\/schema\/logo\/image\/\",\"url\":\"https:\/\/chiropractor-dilbeek.be\/wp-content\/uploads\/2025\/11\/chiropractor-dilbeek-horizontal-RVB.svg\",\"contentUrl\":\"https:\/\/chiropractor-dilbeek.be\/wp-content\/uploads\/2025\/11\/chiropractor-dilbeek-horizontal-RVB.svg\",\"caption\":\"Chiropractor Dilbeek\"},\"image\":{\"@id\":\"https:\/\/chiropractor-dilbeek.be\/en\/#\/schema\/logo\/image\/\"},\"sameAs\":[\"https:\/\/www.facebook.com\/chiropractordilbeek\/\"]}]}<\/script>\n<!-- \/ Yoast SEO plugin. -->","yoast_head_json":{"title":"Chiropractor in Dilbeek \u2013 Contact and book an appointment easily","description":"Contact your chiropractic practice in Dilbeek, near Brussels, for any questions or to make an appointment.","robots":{"index":"index","follow":"follow","max-snippet":"max-snippet:-1","max-image-preview":"max-image-preview:large","max-video-preview":"max-video-preview:-1"},"canonical":"https:\/\/chiropractor-dilbeek.be\/en\/contact\/","og_locale":"en_US","og_type":"article","og_title":"Chiropractor in Dilbeek \u2013 Contact and book an appointment easily","og_description":"Contact your chiropractic practice in Dilbeek, near Brussels, for any questions or to make an appointment.","og_url":"https:\/\/chiropractor-dilbeek.be\/en\/contact\/","og_site_name":"Chiropractor Dilbeek","article_publisher":"https:\/\/www.facebook.com\/chiropractordilbeek\/","article_modified_time":"2025-12-26T12:11:04+00:00","og_image":[{"width":2000,"height":1339,"url":"https:\/\/chiropractor-dilbeek.be\/wp-content\/uploads\/2025\/12\/cpl098-Edit-green.jpg","type":"image\/jpeg"}],"twitter_card":"summary_large_image","twitter_misc":{"Est. reading time":"7 minutes"},"schema":{"@context":"https:\/\/schema.org","@graph":[{"@type":"WebPage","@id":"https:\/\/chiropractor-dilbeek.be\/en\/contact\/","url":"https:\/\/chiropractor-dilbeek.be\/en\/contact\/","name":"Chiropractor in Dilbeek \u2013 Contact and book an appointment easily","isPartOf":{"@id":"https:\/\/chiropractor-dilbeek.be\/en\/#website"},"datePublished":"2022-04-08T06:32:10+00:00","dateModified":"2025-12-26T12:11:04+00:00","description":"Contact your chiropractic practice in Dilbeek, near Brussels, for any questions or to make an appointment.","breadcrumb":{"@id":"https:\/\/chiropractor-dilbeek.be\/en\/contact\/#breadcrumb"},"inLanguage":"en-US","potentialAction":[{"@type":"ReadAction","target":["https:\/\/chiropractor-dilbeek.be\/en\/contact\/"]}]},{"@type":"BreadcrumbList","@id":"https:\/\/chiropractor-dilbeek.be\/en\/contact\/#breadcrumb","itemListElement":[{"@type":"ListItem","position":1,"name":"Accueil","item":"https:\/\/chiropractor-dilbeek.be\/en\/"},{"@type":"ListItem","position":2,"name":"Contact"}]},{"@type":"WebSite","@id":"https:\/\/chiropractor-dilbeek.be\/en\/#website","url":"https:\/\/chiropractor-dilbeek.be\/en\/","name":"Chiropractor Dilbeek","description":"Pascal Claes","publisher":{"@id":"https:\/\/chiropractor-dilbeek.be\/en\/#organization"},"potentialAction":[{"@type":"SearchAction","target":{"@type":"EntryPoint","urlTemplate":"https:\/\/chiropractor-dilbeek.be\/en\/?s={search_term_string}"},"query-input":{"@type":"PropertyValueSpecification","valueRequired":true,"valueName":"search_term_string"}}],"inLanguage":"en-US"},{"@type":"Organization","@id":"https:\/\/chiropractor-dilbeek.be\/en\/#organization","name":"Chiropractor Dilbeek","url":"https:\/\/chiropractor-dilbeek.be\/en\/","logo":{"@type":"ImageObject","inLanguage":"en-US","@id":"https:\/\/chiropractor-dilbeek.be\/en\/#\/schema\/logo\/image\/","url":"https:\/\/chiropractor-dilbeek.be\/wp-content\/uploads\/2025\/11\/chiropractor-dilbeek-horizontal-RVB.svg","contentUrl":"https:\/\/chiropractor-dilbeek.be\/wp-content\/uploads\/2025\/11\/chiropractor-dilbeek-horizontal-RVB.svg","caption":"Chiropractor Dilbeek"},"image":{"@id":"https:\/\/chiropractor-dilbeek.be\/en\/#\/schema\/logo\/image\/"},"sameAs":["https:\/\/www.facebook.com\/chiropractordilbeek\/"]}]}},"_links":{"self":[{"href":"https:\/\/chiropractor-dilbeek.be\/en\/wp-json\/wp\/v2\/pages\/910","targetHints":{"allow":["GET"]}}],"collection":[{"href":"https:\/\/chiropractor-dilbeek.be\/en\/wp-json\/wp\/v2\/pages"}],"about":[{"href":"https:\/\/chiropractor-dilbeek.be\/en\/wp-json\/wp\/v2\/types\/page"}],"author":[{"embeddable":true,"href":"https:\/\/chiropractor-dilbeek.be\/en\/wp-json\/wp\/v2\/users\/1"}],"replies":[{"embeddable":true,"href":"https:\/\/chiropractor-dilbeek.be\/en\/wp-json\/wp\/v2\/comments?post=910"}],"version-history":[{"count":12,"href":"https:\/\/chiropractor-dilbeek.be\/en\/wp-json\/wp\/v2\/pages\/910\/revisions"}],"predecessor-version":[{"id":1092,"href":"https:\/\/chiropractor-dilbeek.be\/en\/wp-json\/wp\/v2\/pages\/910\/revisions\/1092"}],"wp:attachment":[{"href":"https:\/\/chiropractor-dilbeek.be\/en\/wp-json\/wp\/v2\/media?parent=910"}],"curies":[{"name":"wp","href":"https:\/\/api.w.org\/{rel}","templated":true}]}}